{"id":121,"date":"2021-09-18T19:15:28","date_gmt":"2021-09-18T19:15:28","guid":{"rendered":"https:\/\/leflaubert.cl\/?page_id=121"},"modified":"2024-11-14T19:12:24","modified_gmt":"2024-11-14T19:12:24","slug":"historia","status":"publish","type":"page","link":"https:\/\/leflaubert.cl\/fr\/historia\/","title":{"rendered":"Histoire"},"content":{"rendered":"<p>[et_pb_section fb_built=\u00bb1&#8243; fullwidth=\u00bbon\u00bb disabled_on=\u00bboff|off|off\u00bb admin_label=\u00bbHero\u00bb _builder_version=\u00bb4.16&#8243; background_color=\u00bb#1f1f1f\u00bb parallax=\u00bbon\u00bb custom_padding=\u00bb|||\u00bb hover_enabled=\u00bb0&#8243; transparent_background=\u00bbon\u00bb locked=\u00bboff\u00bb global_colors_info=\u00bb{}\u00bb sticky_enabled=\u00bb0&#8243;][et_pb_fullwidth_header title=\u00bbNuestra Historia\u00bb text_orientation=\u00bbcenter\u00bb background_overlay_color=\u00bbrgba(31,31,31,0.75)\u00bb subhead_font_color=\u00bb#bebebe\u00bb title_last_edited=\u00bboff|desktop\u00bb _builder_version=\u00bb4.27.3&#8243; title_font=\u00bbPlayfair Display||||\u00bb title_text_align=\u00bbcenter\u00bb title_text_color=\u00bb#ffffff\u00bb title_font_size=\u00bb72px\u00bb title_line_height=\u00bb1.3em\u00bb content_font=\u00bbMontserrat||||\u00bb content_text_color=\u00bb#bfbfbf\u00bb content_font_size=\u00bb19px\u00bb content_line_height=\u00bb1.8em\u00bb subhead_font=\u00bbMontserrat||||\u00bb subhead_text_color=\u00bb#bebebe\u00bb subhead_line_height=\u00bb1.8em\u00bb background_color=\u00bbrgba(255, 255, 255, 0)\u00bb background_image=\u00bbhttps:\/\/leflaubert.cl\/wp-content\/uploads\/2024\/11\/slidesflaubert.jpg\u00bb custom_padding=\u00bb5%||5%|\u00bb animation_style=\u00bbzoom\u00bb animation_duration=\u00bb1500ms\u00bb animation_intensity_zoom=\u00bb4%\u00bb hover_enabled=\u00bb0&#8243; title_font_size_tablet=\u00bb\u00bb title_font_size_phone=\u00bb40px\u00bb title_font_size_last_edited=\u00bbon|phone\u00bb title_line_height_last_edited=\u00bboff|desktop\u00bb global_colors_info=\u00bb{}\u00bb button_one_text_size__hover_enabled=\u00bboff\u00bb button_two_text_size__hover_enabled=\u00bboff\u00bb button_one_text_color__hover_enabled=\u00bboff\u00bb button_two_text_color__hover_enabled=\u00bboff\u00bb button_one_border_width__hover_enabled=\u00bboff\u00bb button_two_border_width__hover_enabled=\u00bboff\u00bb button_one_border_color__hover_enabled=\u00bboff\u00bb button_two_border_color__hover_enabled=\u00bboff\u00bb button_one_border_radius__hover_enabled=\u00bboff\u00bb button_two_border_radius__hover_enabled=\u00bboff\u00bb button_one_letter_spacing__hover_enabled=\u00bboff\u00bb button_two_letter_spacing__hover_enabled=\u00bboff\u00bb button_one_bg_color__hover_enabled=\u00bboff\u00bb button_two_bg_color__hover_enabled=\u00bboff\u00bb title_text=\u00bbslidesflaubert\u00bb sticky_enabled=\u00bb0&#8243;][\/et_pb_fullwidth_header][\/et_pb_section][et_pb_section fb_built=\u00bb1&#8243; admin_label=\u00bbContact\u00bb _builder_version=\u00bb4.18.1&#8243; background_color=\u00bbrgba(0,0,0,0.03)\u00bb background_size=\u00bbinitial\u00bb background_position=\u00bbtop_left\u00bb custom_padding=\u00bb5vw|0px|5vw|0px|false|false\u00bb collapsed=\u00bboff\u00bb global_colors_info=\u00bb{}\u00bb][et_pb_row _builder_version=\u00bb4.18.1&#8243; _module_preset=\u00bbdefault\u00bb width=\u00bb90%\u00bb max_width=\u00bb1280px\u00bb custom_padding=\u00bb||||false|false\u00bb global_colors_info=\u00bb{}\u00bb][et_pb_column type=\u00bb4_4&#8243; _builder_version=\u00bb4.16&#8243; _module_preset=\u00bbdefault\u00bb global_colors_info=\u00bb{}\u00bb][et_pb_text disabled_on=\u00bboff|off|off\u00bb _builder_version=\u00bb4.27.3&#8243; text_font=\u00bbMontserrat||||||||\u00bb text_font_size=\u00bb17px\u00bb text_line_height=\u00bb1.8em\u00bb header_font=\u00bb||||||||\u00bb header_2_font=\u00bbPlayfair Display||||\u00bb header_2_font_size=\u00bb48px\u00bb header_2_line_height=\u00bb1.3em\u00bb background_size=\u00bbinitial\u00bb background_position=\u00bbtop_left\u00bb background_repeat=\u00bbrepeat\u00bb custom_margin=\u00bb||||false|false\u00bb animation_style=\u00bbfade\u00bb global_colors_info=\u00bb{}\u00bb header_font_size__hover=\u00bb30px\u00bb header_font_size__hover_enabled=\u00bb30px\u00bb header_letter_spacing__hover=\u00bb0px\u00bb header_letter_spacing__hover_enabled=\u00bb0px\u00bb header_text_shadow_style__hover=\u00bbnone\u00bb header_text_shadow_style__hover_enabled=\u00bbnone\u00bb header_text_shadow_color__hover=\u00bbrgba(0,0,0,0.4)\u00bb header_text_shadow_color__hover_enabled=\u00bbrgba(0,0,0,0.4)\u00bb]<\/p>\n<p style=\"text-align: left;\">Sa propri\u00e9taire, Ximena Larrea, a \u00e9t\u00e9 pr\u00e9sente d\u00e8s le d\u00e9but dans la conception du projet, la vision \u00e0 long terme, ainsi que dans les objectifs de service et de qualit\u00e9 qu'elle souhaite offrir.<\/p>\n<p style=\"text-align: left;\">C'\u00e9tait en 1995, dans un Chili qui commen\u00e7ait timidement \u00e0 d\u00e9couvrir des lieux de partage. Les hommes d'affaires et les voyageurs du monde aspiraient \u00e0 des endroits moins formels que ceux des h\u00f4tels, tout en exigeant de la qualit\u00e9. Les jeunes \u00e9tudiants d\u00e9couvraient, en avance sur leur temps, les bienfaits des th\u00e9s exotiques import\u00e9s, dans une large gamme de vari\u00e9t\u00e9s,  ayant enfin le sentiment que ce pays offrait \u00e9galement les options gourmandes que l'on trouvait dans les pays d\u00e9velopp\u00e9s.<\/p>\n<p>La gauche \"caviar\" (comme on appelait ceux qui aimaient \"savourer l'exquis\") a commenc\u00e9 \u00e0 se donner rendez-vous dans cette rue Orrego Luco, qui est devenue \u00e0 la mode. C'est ainsi que Le Flaubert a trouv\u00e9 sa niche, son public fid\u00e8le qui le suit depuis ses d\u00e9buts.<\/p>\n<p>[\/et_pb_text][\/et_pb_column][\/et_pb_row][\/et_pb_section][et_pb_section fb_built=\u00bb1&#8243; fullwidth=\u00bbon\u00bb disabled_on=\u00bboff|off|off\u00bb admin_label=\u00bbHero\u00bb _builder_version=\u00bb4.18.1&#8243; background_color=\u00bb#1f1f1f\u00bb parallax=\u00bbon\u00bb custom_margin=\u00bb||||false|false\u00bb custom_padding=\u00bb||||false|false\u00bb transparent_background=\u00bbon\u00bb global_colors_info=\u00bb{}\u00bb][et_pb_fullwidth_header text_orientation=\u00bbcenter\u00bb background_overlay_color=\u00bbrgba(30,30,30,0)\u00bb subhead_font_color=\u00bb#bebebe\u00bb _builder_version=\u00bb4.16&#8243; title_font=\u00bbPlayfair Display||||\u00bb title_text_color=\u00bb#ffffff\u00bb title_font_size=\u00bb70px\u00bb title_line_height=\u00bb1.3em\u00bb content_font=\u00bbMontserrat||||\u00bb content_text_color=\u00bb#bfbfbf\u00bb content_font_size=\u00bb19px\u00bb content_line_height=\u00bb1.8em\u00bb subhead_font=\u00bbMontserrat||||\u00bb subhead_text_color=\u00bb#bebebe\u00bb subhead_line_height=\u00bb1.8em\u00bb background_enable_color=\u00bboff\u00bb background_image=\u00bbhttps:\/\/leflaubert.cl\/wp-content\/uploads\/2021\/09\/foto-local-1.jpg\u00bb custom_button_one=\u00bbon\u00bb button_one_text_size=\u00bb15px\u00bb button_one_text_color=\u00bb#ffffff\u00bb button_one_border_width=\u00bb2px\u00bb button_one_border_color=\u00bb#ffffff\u00bb button_one_border_radius=\u00bb0px\u00bb button_one_letter_spacing=\u00bb1px\u00bb button_one_font=\u00bbMontserrat|||on|\u00bb button_one_use_icon=\u00bboff\u00bb custom_button_two=\u00bbon\u00bb button_two_text_size=\u00bb15px\u00bb button_two_text_color=\u00bb#ffffff\u00bb button_two_bg_color=\u00bb#c39d63&#8243; button_two_border_width=\u00bb2px\u00bb button_two_border_color=\u00bb#c39d63&#8243; button_two_border_radius=\u00bb0px\u00bb button_two_letter_spacing=\u00bb1px\u00bb button_two_font=\u00bbMontserrat|||on|\u00bb button_two_use_icon=\u00bboff\u00bb max_width_tablet=\u00bb50px\u00bb custom_margin=\u00bb-2px|||||\u00bb custom_padding=\u00bb5%||28%||false|false\u00bb animation_style=\u00bbzoom\u00bb animation_duration=\u00bb1500ms\u00bb animation_intensity_zoom=\u00bb4%\u00bb title_font_size_tablet=\u00bb\u00bb title_font_size_phone=\u00bb45px\u00bb title_font_size_last_edited=\u00bbon|phone\u00bb title_line_height_last_edited=\u00bboff|desktop\u00bb button_one_border_radius_hover=\u00bb0px\u00bb button_one_letter_spacing_hover=\u00bb1px\u00bb button_two_letter_spacing_hover=\u00bb1px\u00bb global_colors_info=\u00bb{}\u00bb button_one_text_size__hover_enabled=\u00bboff\u00bb button_two_text_size__hover_enabled=\u00bboff\u00bb button_one_text_color__hover_enabled=\u00bboff\u00bb button_two_text_color__hover_enabled=\u00bboff\u00bb button_one_border_width__hover_enabled=\u00bboff\u00bb button_two_border_width__hover_enabled=\u00bboff\u00bb button_one_border_color__hover_enabled=\u00bboff\u00bb button_two_border_color__hover_enabled=\u00bboff\u00bb button_one_border_radius__hover_enabled=\u00bbon\u00bb button_one_border_radius__hover=\u00bb0px\u00bb button_two_border_radius__hover_enabled=\u00bboff\u00bb button_one_letter_spacing__hover_enabled=\u00bbon\u00bb button_one_letter_spacing__hover=\u00bb1px\u00bb button_two_letter_spacing__hover_enabled=\u00bbon\u00bb button_two_letter_spacing__hover=\u00bb1px\u00bb button_one_bg_color__hover_enabled=\u00bboff\u00bb button_two_bg_color__hover_enabled=\u00bboff\u00bb][\/et_pb_fullwidth_header][\/et_pb_section][et_pb_section fb_built=\u00bb1&#8243; _builder_version=\u00bb4.18.1&#8243; _module_preset=\u00bbdefault\u00bb custom_padding=\u00bb5vw||5vw||true|false\u00bb global_colors_info=\u00bb{}\u00bb][et_pb_row _builder_version=\u00bb4.18.1&#8243; _module_preset=\u00bbdefault\u00bb width=\u00bb90%\u00bb custom_padding=\u00bb||||false|false\u00bb global_colors_info=\u00bb{}\u00bb][et_pb_column type=\u00bb4_4&#8243; _builder_version=\u00bb4.16&#8243; _module_preset=\u00bbdefault\u00bb global_colors_info=\u00bb{}\u00bb][et_pb_text disabled_on=\u00bboff|off|off\u00bb _builder_version=\u00bb4.19.0&#8243; text_font=\u00bbMontserrat||||||||\u00bb text_font_size=\u00bb17px\u00bb text_line_height=\u00bb1.8em\u00bb header_font=\u00bb||||||||\u00bb header_2_font=\u00bbPlayfair Display||||\u00bb header_2_font_size=\u00bb48px\u00bb header_2_line_height=\u00bb1.3em\u00bb background_size=\u00bbinitial\u00bb background_position=\u00bbtop_left\u00bb background_repeat=\u00bbrepeat\u00bb custom_margin=\u00bb||||false|false\u00bb animation_style=\u00bbfade\u00bb global_colors_info=\u00bb{}\u00bb header_font_size__hover=\u00bb30px\u00bb header_font_size__hover_enabled=\u00bb30px\u00bb header_letter_spacing__hover=\u00bb0px\u00bb header_letter_spacing__hover_enabled=\u00bb0px\u00bb header_text_shadow_style__hover=\u00bbnone\u00bb header_text_shadow_style__hover_enabled=\u00bbnone\u00bb header_text_shadow_color__hover=\u00bbrgba(0,0,0,0.4)\u00bb header_text_shadow_color__hover_enabled=\u00bbrgba(0,0,0,0.4)\u00bb]<\/p>\n<p>Le Flaubert s'est install\u00e9 rue Orrego Luco, une des rues de la commune de Providencia qui poss\u00e8de une tradition architecturale de style fran\u00e7ais. La maison a \u00e9t\u00e9 l\u00e9g\u00e8rement adapt\u00e9e pour r\u00e9pondre aux besoins fonctionnels d'un restaurant.<\/p>\n<p>Le style est rest\u00e9 le m\u00eame jusqu'\u00e0 aujourd'hui, classique, informel, convivial et propice aux moments chaleureux. Les diff\u00e9rents espaces invitent \u00e0 la conversation, les fauteuils sont confortables, la cuisine a \u00e9t\u00e9 reconnue et applaudie pendant toutes ces ann\u00e9es sans jamais faiblir.<\/p>\n<p>Nous avons \u00e9t\u00e9 pionniers en tant que Salon de Th\u00e9, proposant des th\u00e9s de qualit\u00e9 servis en th\u00e9i\u00e8re et vendus en vrac. Nous avons organis\u00e9 les premiers \"D\u00eeners du Vin\", qui sont rapidement devenus \u00e0 la mode, en harmonisant vin et gastronomie. Depuis 2007, nous avons remis au go\u00fbt du jour les soupes en hiver, en les appelant \"Temps de Soupes\" : ce fut une petite contribution gourmande, cr\u00e9ant des compositions originales ou revisitant les soupes traditionnelles paysannes ou de marins de diff\u00e9rents pays.<\/p>\n<p>Quels plats caract\u00e9risent Le Flaubert ? Un savoureux p\u00e2t\u00e9 maison, une soupe \u00e0 l'oignon, un coq au vin, du canard comme en France, une corvina Flaubert, des cr\u00eapes Suzette, une mousse au chocolat et bien plus encore.<\/p>\n<p>\"C'est toujours un plaisir d'aller et de retourner au Flaubert\", disent les habitu\u00e9s du lieu.<\/p>\n<p>[\/et_pb_text][\/et_pb_column][\/et_pb_row][\/et_pb_section][et_pb_section fb_built=\u00bb1&#8243; _builder_version=\u00bb4.27.3&#8243; _module_preset=\u00bbdefault\u00bb background_color=\u00bbrgba(35,35,35,0.4)\u00bb background_image=\u00bbhttps:\/\/leflaubert.cl\/wp-content\/uploads\/2021\/09\/Carta.jpg\u00bb background_blend=\u00bbmultiply\u00bb custom_padding=\u00bb10%||10%||true|false\u00bb locked=\u00bboff\u00bb global_colors_info=\u00bb{}\u00bb][\/et_pb_section][et_pb_section fb_built=\u00bb1&#8243; specialty=\u00bbon\u00bb custom_padding_last_edited=\u00bbon|desktop\u00bb admin_label=\u00bbFooter\u00bb _builder_version=\u00bb4.18.1&#8243; _module_preset=\u00bbdefault\u00bb module_alignment=\u00bbcenter\u00bb custom_padding=\u00bb5vw||5vw||false|false\u00bb custom_padding_tablet=\u00bb10vw||||false|false\u00bb custom_padding_phone=\u00bb\u00bb global_module=\u00bb1674&#8243; saved_tabs=\u00bball\u00bb locked=\u00bboff\u00bb global_colors_info=\u00bb{}\u00bb][et_pb_column type=\u00bb1_4&#8243; _builder_version=\u00bb4.16&#8243; custom_padding=\u00bb|||\u00bb global_colors_info=\u00bb{}\u00bb custom_padding__hover=\u00bb|||\u00bb][et_pb_blurb image=\u00bbhttps:\/\/leflaubert.cl\/wp-content\/uploads\/2024\/11\/logomenu2024.png\u00bb _builder_version=\u00bb4.27.3&#8243; _module_preset=\u00bbdefault\u00bb header_font=\u00bb|700|||||||\u00bb header_font_size=\u00bb21px\u00bb header_line_height=\u00bb1.2em\u00bb text_orientation=\u00bbcenter\u00bb animation=\u00bboff\u00bb locked=\u00bboff\u00bb global_colors_info=\u00bb{}\u00bb][\/et_pb_blurb][\/et_pb_column][et_pb_column type=\u00bb1_4&#8243; _builder_version=\u00bb4.16&#8243; custom_padding=\u00bb|||\u00bb global_colors_info=\u00bb{}\u00bb custom_padding__hover=\u00bb|||\u00bb][et_pb_text _builder_version=\u00bb4.27.2&#8243; _module_preset=\u00bbdefault\u00bb text_font_size=\u00bb16px\u00bb header_4_font=\u00bb|700||on|||||\u00bb header_4_font_size=\u00bb16px\u00bb header_4_line_height=\u00bb1.2em\u00bb min_height=\u00bb74px\u00bb text_font_size_tablet=\u00bb14px\u00bb text_font_size_last_edited=\u00bboff|desktop\u00bb text_orientation_tablet=\u00bbcenter\u00bb text_orientation_phone=\u00bb\u00bb text_orientation_last_edited=\u00bbon|tablet\u00bb locked=\u00bboff\u00bb global_colors_info=\u00bb{}\u00bb]<\/p>\n<h4>Adresse<\/h4>\n<p>Orrego Luco 125,<br \/>Providencia, Regi\u00f3n Metropolitana.<\/p>\n<p>[\/et_pb_text][et_pb_text _builder_version=\u00bb4.18.1&#8243; _module_preset=\u00bbdefault\u00bb header_4_font=\u00bb|700||on|||||\u00bb header_4_font_size=\u00bb16px\u00bb header_4_line_height=\u00bb1.2em\u00bb custom_margin=\u00bb||0px||false|false\u00bb text_font_size_tablet=\u00bb14px\u00bb text_font_size_phone=\u00bb\u00bb text_font_size_last_edited=\u00bbon|tablet\u00bb text_orientation_tablet=\u00bbcenter\u00bb text_orientation_phone=\u00bb\u00bb text_orientation_last_edited=\u00bbon|tablet\u00bb locked=\u00bboff\u00bb global_colors_info=\u00bb{}\u00bb]<\/p>\n<h4>Suivez-nous sur les r\u00e9seaux sociaux<\/h4>\n<p>[\/et_pb_text][et_pb_social_media_follow icon_color=\u00bb#000000&#8243; use_icon_font_size=\u00bbon\u00bb icon_font_size=\u00bb25px\u00bb _builder_version=\u00bb4.18.1&#8243; text_orientation=\u00bbleft\u00bb custom_margin_last_edited=\u00bboff|desktop\u00bb text_orientation_tablet=\u00bbcenter\u00bb text_orientation_phone=\u00bb\u00bb text_orientation_last_edited=\u00bbon|tablet\u00bb locked=\u00bboff\u00bb global_colors_info=\u00bb{}\u00bb custom_padding__hover_enabled=\u00bboff|desktop\u00bb][et_pb_social_media_follow_network social_network=\u00bbfacebook\u00bb url=\u00bbhttps:\/\/www.facebook.com\/people\/Le-Flaubert\/100063635105332\/\u00bb _builder_version=\u00bb4.18.1&#8243; background_enable_color=\u00bboff\u00bb global_colors_info=\u00bb{}\u00bb follow_button=\u00bboff\u00bb url_new_window=\u00bbon\u00bb]facebook[\/et_pb_social_media_follow_network][et_pb_social_media_follow_network social_network=\u00bbinstagram\u00bb url=\u00bbhttps:\/\/www.instagram.com\/leflaubert\/\u00bb _builder_version=\u00bb4.18.1&#8243; _module_preset=\u00bbdefault\u00bb background_color=\u00bbrgba(0,0,0,0)\u00bb background_enable_color=\u00bbon\u00bb global_colors_info=\u00bb{}\u00bb follow_button=\u00bboff\u00bb url_new_window=\u00bbon\u00bb]instagram[\/et_pb_social_media_follow_network][et_pb_social_media_follow_network social_network=\u00bbwhatsapp\u00bb url=\u00bbhttps:\/\/wa.link\/jg593e\u00bb _builder_version=\u00bb4.18.1&#8243; _module_preset=\u00bbdefault\u00bb background_enable_color=\u00bboff\u00bb global_colors_info=\u00bb{}\u00bb follow_button=\u00bboff\u00bb url_new_window=\u00bbon\u00bb]whatsapp[\/et_pb_social_media_follow_network][\/et_pb_social_media_follow][\/et_pb_column][et_pb_column type=\u00bb1_2&#8243; specialty_columns=\u00bb2&#8243; _builder_version=\u00bb4.16&#8243; custom_padding=\u00bb|||\u00bb global_colors_info=\u00bb{}\u00bb custom_padding__hover=\u00bb|||\u00bb][et_pb_row_inner _builder_version=\u00bb4.16&#8243; _module_preset=\u00bbdefault\u00bb global_colors_info=\u00bb{}\u00bb][et_pb_column_inner saved_specialty_column_type=\u00bb1_2&#8243; _builder_version=\u00bb4.16&#8243; _module_preset=\u00bbdefault\u00bb global_colors_info=\u00bb{}\u00bb][et_pb_text _builder_version=\u00bb4.27.3&#8243; _module_preset=\u00bbdefault\u00bb text_font_size=\u00bb16px\u00bb text_line_height=\u00bb1em\u00bb link_text_color=\u00bb#000000&#8243; header_4_font=\u00bb|700||on|||||\u00bb header_4_font_size=\u00bb16px\u00bb header_4_line_height=\u00bb1.2em\u00bb module_alignment=\u00bbcenter\u00bb custom_margin=\u00bb||||false|false\u00bb custom_padding=\u00bb||||false|false\u00bb text_font_size_tablet=\u00bb14px\u00bb text_font_size_last_edited=\u00bboff|desktop\u00bb text_orientation_tablet=\u00bbcenter\u00bb text_orientation_phone=\u00bb\u00bb text_orientation_last_edited=\u00bbon|tablet\u00bb locked=\u00bboff\u00bb global_colors_info=\u00bb{}\u00bb]<\/p>\n<h4>Horaires<\/h4>\n<p><strong>Lundi:<\/strong> ferm\u00e9<\/p>\n<p><strong>Du mardi au samedi de:<\/strong> 12:30 \u2013 22:30<\/p>\n<p><strong>Le dimanche<\/strong> 12:30 \u2013 17:00<\/p>\n<p>[\/et_pb_text][\/et_pb_column_inner][\/et_pb_row_inner][et_pb_row_inner _builder_version=\u00bb4.16&#8243; _module_preset=\u00bbdefault\u00bb global_colors_info=\u00bb{}\u00bb][et_pb_column_inner saved_specialty_column_type=\u00bb1_2&#8243; _builder_version=\u00bb4.16&#8243; _module_preset=\u00bbdefault\u00bb global_colors_info=\u00bb{}\u00bb][et_pb_text _builder_version=\u00bb4.27.3&#8243; _module_preset=\u00bbdefault\u00bb text_font=\u00bb|700|||||||\u00bb text_text_color=\u00bb#005424&#8243; text_font_size=\u00bb20px\u00bb text_line_height=\u00bb2em\u00bb header_4_font=\u00bb|700||on|||||\u00bb header_4_font_size=\u00bb16px\u00bb header_4_line_height=\u00bb1.2em\u00bb custom_margin=\u00bb||0px||false|false\u00bb text_font_size_tablet=\u00bb22px\u00bb text_font_size_phone=\u00bb19px\u00bb text_font_size_last_edited=\u00bbon|phone\u00bb text_orientation_tablet=\u00bbcenter\u00bb text_orientation_phone=\u00bb\u00bb text_orientation_last_edited=\u00bbon|tablet\u00bb locked=\u00bboff\u00bb global_colors_info=\u00bb{}\u00bb]<\/p>\n<h4>Contact<\/h4>\n<p>+56 9 9820 6921<\/p>\n<p>[\/et_pb_text][et_pb_text _builder_version=\u00bb4.27.3&#8243; _module_preset=\u00bbdefault\u00bb text_font_size=\u00bb16px\u00bb text_line_height=\u00bb2em\u00bb link_text_color=\u00bb#000000&#8243; link_font_size=\u00bb16px\u00bb link_line_height=\u00bb1.2em\u00bb header_4_font=\u00bb|700||on|||||\u00bb header_4_font_size=\u00bb14px\u00bb header_4_letter_spacing=\u00bb3px\u00bb header_4_line_height=\u00bb1.2em\u00bb text_font_size_tablet=\u00bb14px\u00bb text_font_size_phone=\u00bb\u00bb text_font_size_last_edited=\u00bbon|tablet\u00bb link_font_size_tablet=\u00bb14px\u00bb link_font_size_phone=\u00bb\u00bb link_font_size_last_edited=\u00bbon|tablet\u00bb text_orientation_tablet=\u00bbcenter\u00bb text_orientation_phone=\u00bb\u00bb text_orientation_last_edited=\u00bbon|tablet\u00bb locked=\u00bboff\u00bb global_colors_info=\u00bb{}\u00bb]<\/p>\n<p>reservas@leflaubert.cl<\/p>\n<p>[\/et_pb_text][\/et_pb_column_inner][\/et_pb_row_inner][\/et_pb_column][\/et_pb_section]<\/p>","protected":false},"excerpt":{"rendered":"<p>En pleno coraz\u00f3n de Providencia, Le Flaubert Restaurante te espera con lo mejor de la gastronom\u00eda francesa.  Desde 1995, ofrecemos un ambiente acogedor, platos exquisitos y una selecci\u00f3n de vinos excepcional. El lugar ideal para sus reuniones privadas y cenas de negocios.<\/p>","protected":false},"author":1,"featured_media":0,"parent":0,"menu_order":0,"comment_status":"closed","ping_status":"closed","template":"","meta":{"_et_pb_use_builder":"on","_et_pb_old_content":"","_et_gb_content_width":"","footnotes":""},"class_list":["post-121","page","type-page","status-publish","hentry"],"_links":{"self":[{"href":"https:\/\/leflaubert.cl\/fr\/wp-json\/wp\/v2\/pages\/121","targetHints":{"allow":["GET"]}}],"collection":[{"href":"https:\/\/leflaubert.cl\/fr\/wp-json\/wp\/v2\/pages"}],"about":[{"href":"https:\/\/leflaubert.cl\/fr\/wp-json\/wp\/v2\/types\/page"}],"author":[{"embeddable":true,"href":"https:\/\/leflaubert.cl\/fr\/wp-json\/wp\/v2\/users\/1"}],"replies":[{"embeddable":true,"href":"https:\/\/leflaubert.cl\/fr\/wp-json\/wp\/v2\/comments?post=121"}],"version-history":[{"count":27,"href":"https:\/\/leflaubert.cl\/fr\/wp-json\/wp\/v2\/pages\/121\/revisions"}],"predecessor-version":[{"id":3513,"href":"https:\/\/leflaubert.cl\/fr\/wp-json\/wp\/v2\/pages\/121\/revisions\/3513"}],"wp:attachment":[{"href":"https:\/\/leflaubert.cl\/fr\/wp-json\/wp\/v2\/media?parent=121"}],"curies":[{"name":"wp","href":"https:\/\/api.w.org\/{rel}","templated":true}]}}